{"id":2193,"date":"2020-12-07T09:01:23","date_gmt":"2020-12-07T14:01:23","guid":{"rendered":"https:\/\/aventuresliguoriennes.com\/?page_id=2193"},"modified":"2024-09-13T11:34:44","modified_gmt":"2024-09-13T15:34:44","slug":"accomodation","status":"publish","type":"page","link":"https:\/\/aventuresliguoriennes.com\/en\/accomodation\/","title":{"rendered":"Accomodation"},"content":{"rendered":"\t\t<div data-elementor-type=\"wp-page\" data-elementor-id=\"2193\" class=\"elementor elementor-2193 elementor-2020\" data-elementor-post-type=\"page\">\n\t\t\t\t\t\t<section class=\"elementor-section elementor-top-section elementor-element elementor-element-d5cbca2 elementor-section-stretched elementor-section-height-min-height elementor-section-content-bottom elementor-section-items-bottom elementor-section-boxed elementor-section-height-default\" data-id=\"d5cbca2\" data-element_type=\"section\" data-e-type=\"section\" data-settings=\"{&quot;stretch_section&quot;:&quot;section-stretched&quot;,&quot;background_background&quot;:&quot;classic&quot;}\">\n\t\t\t\t\t\t\t<div class=\"elementor-background-overlay\"><\/div>\n\t\t\t\t\t\t\t<div class=\"elementor-container elementor-column-gap-no\">\n\t\t\t\t\t<div class=\"elementor-column elementor-col-100 elementor-top-column elementor-element elementor-element-b8f97af\" data-id=\"b8f97af\" data-element_type=\"column\" data-e-type=\"column\">\n\t\t\t<div class=\"elementor-widget-wrap elementor-element-populated\">\n\t\t\t\t\t\t\t<\/div>\n\t\t<\/div>\n\t\t\t\t\t<\/div>\n\t\t<\/section>\n\t\t\t\t<section class=\"elementor-section elementor-top-section elementor-element elementor-element-bc6d159 elementor-section-boxed elementor-section-height-default elementor-section-height-default\" data-id=\"bc6d159\" data-element_type=\"section\" data-e-type=\"section\">\n\t\t\t\t\t\t<div class=\"elementor-container elementor-column-gap-default\">\n\t\t\t\t\t<div class=\"elementor-column elementor-col-100 elementor-top-column elementor-element elementor-element-7608eb1\" data-id=\"7608eb1\" data-element_type=\"column\" data-e-type=\"column\">\n\t\t\t<div class=\"elementor-widget-wrap elementor-element-populated\">\n\t\t\t\t\t\t<section class=\"elementor-section elementor-inner-section elementor-element elementor-element-95d884c elementor-section-boxed elementor-section-height-default elementor-section-height-default\" data-id=\"95d884c\" data-element_type=\"section\" data-e-type=\"section\">\n\t\t\t\t\t\t<div class=\"elementor-container elementor-column-gap-default\">\n\t\t\t\t\t<div class=\"elementor-column elementor-col-33 elementor-inner-column elementor-element elementor-element-8ffd664\" data-id=\"8ffd664\" data-element_type=\"column\" data-e-type=\"column\">\n\t\t\t<div class=\"elementor-widget-wrap elementor-element-populated\">\n\t\t\t\t\t\t<div class=\"elementor-element elementor-element-9108a50 elementor-widget elementor-widget-text-editor\" data-id=\"9108a50\" data-element_type=\"widget\" data-e-type=\"widget\" data-widget_type=\"text-editor.default\">\n\t\t\t\t<div class=\"elementor-widget-container\">\n\t\t\t\t\t\t\t\t\t<p><strong>CHALETS LANAUDI\u00c8RE<\/strong><br \/>8082 chemin Morgan<br \/>Rawdon (Qu\u00e9bec)<br \/>CANADA J0K 1S0<br \/>T\u00e9l: 450 834-6383<br \/>Sans frais: 1 877 834-6383<br \/><a href=\"mailto:Info@chaletslanaudiere.ca\">Info@chaletslanaudiere.ca<\/a><br \/><a href=\"http:\/\/CHALETSLANAUDIERE.CA\" target=\"_blank\" rel=\"noopener\">Chaletslanaudiere.ca<\/a><\/p>\n\t\t\t\t\t\t\t\t<\/div>\n\t\t\t\t<\/div>\n\t\t\t\t\t<\/div>\n\t\t<\/div>\n\t\t\t\t<div class=\"elementor-column elementor-col-33 elementor-inner-column elementor-element elementor-element-af0ac31\" data-id=\"af0ac31\" data-element_type=\"column\" data-e-type=\"column\">\n\t\t\t<div class=\"elementor-widget-wrap elementor-element-populated\">\n\t\t\t\t\t\t<div class=\"elementor-element elementor-element-92cd50a elementor-widget elementor-widget-text-editor\" data-id=\"92cd50a\" data-element_type=\"widget\" data-e-type=\"widget\" data-widget_type=\"text-editor.default\">\n\t\t\t\t<div class=\"elementor-widget-container\">\n\t\t\t\t\t\t\t\t\t<strong>DOMAINE APPALOOSA<\/strong><br>\r\n3015 chemin de la For\u00eat<br>\r\nNotre-Dame-de-la-Merci (Qu\u00e9bec)<br>\r\n\r\nCANADA J0T 2A0<br>\r\n\r\nT\u00e9l: 450 543-4591<br>\r\n\r\n<a href=\"mailto:Domaineappaloosa@yahoo.com\">Domaineappaloosa@yahoo.com<\/a><br>\r\n\r\n<a href=\"http:\/\/DOMAINEAPPALOOSA.COM\" target=\"_blank\" rel=\"noopener\">Domaineappaloosa.com<\/a>\t\t\t\t\t\t\t\t<\/div>\n\t\t\t\t<\/div>\n\t\t\t\t\t<\/div>\n\t\t<\/div>\n\t\t\t\t<div class=\"elementor-column elementor-col-33 elementor-inner-column elementor-element elementor-element-49a5fdf\" data-id=\"49a5fdf\" data-element_type=\"column\" data-e-type=\"column\">\n\t\t\t<div class=\"elementor-widget-wrap elementor-element-populated\">\n\t\t\t\t\t\t<div class=\"elementor-element elementor-element-d105ee3 elementor-widget elementor-widget-text-editor\" data-id=\"d105ee3\" data-element_type=\"widget\" data-e-type=\"widget\" data-widget_type=\"text-editor.default\">\n\t\t\t\t<div class=\"elementor-widget-container\">\n\t\t\t\t\t\t\t\t\t<p><strong>H\u00d4TEL CH\u00c2TEAU JOLIETTE<\/strong><br \/>450 rue Saint-Thomas<br \/>Joliette (Qu\u00e9bec)<br \/>CANADA J6E 3R1<br \/>T\u00e9l: 450 752-2525<br \/>Sans frais: 1 800 361-0572<br \/><a href=\"mailto:Reception@chateaujoliette.com\">Reception@chateaujoliette.com<\/a><br \/><a href=\"Chateaujoliette.com\" target=\"_blank\" rel=\"noopener\">Chateaujoliette.com<\/a><\/p>\n\t\t\t\t\t\t\t\t<\/div>\n\t\t\t\t<\/div>\n\t\t\t\t\t<\/div>\n\t\t<\/div>\n\t\t\t\t\t<\/div>\n\t\t<\/section>\n\t\t\t\t<section class=\"elementor-section elementor-inner-section elementor-element elementor-element-7ad9d3d elementor-section-boxed elementor-section-height-default elementor-section-height-default\" data-id=\"7ad9d3d\" data-element_type=\"section\" data-e-type=\"section\">\n\t\t\t\t\t\t<div class=\"elementor-container elementor-column-gap-default\">\n\t\t\t\t\t<div class=\"elementor-column elementor-col-33 elementor-inner-column elementor-element elementor-element-9faec7a\" data-id=\"9faec7a\" data-element_type=\"column\" data-e-type=\"column\">\n\t\t\t<div class=\"elementor-widget-wrap elementor-element-populated\">\n\t\t\t\t\t\t<div class=\"elementor-element elementor-element-116d762 elementor-widget elementor-widget-text-editor\" data-id=\"116d762\" data-element_type=\"widget\" data-e-type=\"widget\" data-widget_type=\"text-editor.default\">\n\t\t\t\t<div class=\"elementor-widget-container\">\n\t\t\t\t\t\t\t\t\t<p><strong>RAWDON GOLF RESORT<\/strong><br \/>3999 Lakeshore Dr.<br \/>Rawdon (Qu\u00e9bec)<br \/>CANADA J0K 1S0<br \/>Sans frais: 1 800 363-8655<br \/><a href=\"http:\/\/Rawdongolfresort.com\" target=\"_blank\" rel=\"noopener\">Rawdongolfresort.com<\/a><\/p>\n\t\t\t\t\t\t\t\t<\/div>\n\t\t\t\t<\/div>\n\t\t\t\t\t<\/div>\n\t\t<\/div>\n\t\t\t\t<div class=\"elementor-column elementor-col-33 elementor-inner-column elementor-element elementor-element-b2d01af\" data-id=\"b2d01af\" data-element_type=\"column\" data-e-type=\"column\">\n\t\t\t<div class=\"elementor-widget-wrap elementor-element-populated\">\n\t\t\t\t\t\t<div class=\"elementor-element elementor-element-248bc61 elementor-widget elementor-widget-text-editor\" data-id=\"248bc61\" data-element_type=\"widget\" data-e-type=\"widget\" data-widget_type=\"text-editor.default\">\n\t\t\t\t<div class=\"elementor-widget-container\">\n\t\t\t\t\t\t\t\t\t<p><strong>AUBERGE LE CHEVAL BLEU<\/strong><br \/>414 Route 343<br \/>Saint-Alphonse-Rodriguez (Qu\u00e9bec)<br \/>CANADA J0K 1W0<br \/>T\u00e9l: 450 883-3080<br \/>Sans frais: 1 866 883-3080<br \/><a href=\"mailto:info@lechevalbleu.com\">info@lechevalbleu.com<\/a><br \/><a href=\"http:\/\/LECHEVALBLEU.COM\" target=\"_blank\" rel=\"noopener\">Lechevalbleu.com<\/a><\/p>\n\t\t\t\t\t\t\t\t<\/div>\n\t\t\t\t<\/div>\n\t\t\t\t\t<\/div>\n\t\t<\/div>\n\t\t\t\t<div class=\"elementor-column elementor-col-33 elementor-inner-column elementor-element elementor-element-54989f6\" data-id=\"54989f6\" data-element_type=\"column\" data-e-type=\"column\">\n\t\t\t<div class=\"elementor-widget-wrap elementor-element-populated\">\n\t\t\t\t\t\t<div class=\"elementor-element elementor-element-032626c elementor-widget elementor-widget-text-editor\" data-id=\"032626c\" data-element_type=\"widget\" data-e-type=\"widget\" data-widget_type=\"text-editor.default\">\n\t\t\t\t<div class=\"elementor-widget-container\">\n\t\t\t\t\t\t\t\t\t<p><strong>LE PASSERIN INDIGO &#8211; G\u00ceTE DU PASSANT<\/strong><br \/>100, Grande Ligne<br \/>Saint-Alexis-de-Montcalm (Qu\u00e9bec)<br \/>CANADA J0K 1T0<br \/>T\u00e9l: 450 839-3482<br \/><a href=\"mailto:INFO@GITELEPASSERIN.COM\">Info@gitelepasserin.com<\/a><br \/><a href=\"http:\/\/Gitelepasserin.com\" target=\"_blank\" rel=\"noopener\">Gitelepasserin.com<\/a><\/p>\n\t\t\t\t\t\t\t\t<\/div>\n\t\t\t\t<\/div>\n\t\t\t\t\t<\/div>\n\t\t<\/div>\n\t\t\t\t\t<\/div>\n\t\t<\/section>\n\t\t\t\t<section class=\"elementor-section elementor-inner-section elementor-element elementor-element-ec7bd36 elementor-section-boxed elementor-section-height-default elementor-section-height-default\" data-id=\"ec7bd36\" data-element_type=\"section\" data-e-type=\"section\">\n\t\t\t\t\t\t<div class=\"elementor-container elementor-column-gap-default\">\n\t\t\t\t\t<div class=\"elementor-column elementor-col-33 elementor-inner-column elementor-element elementor-element-429eba9\" data-id=\"429eba9\" data-element_type=\"column\" data-e-type=\"column\">\n\t\t\t<div class=\"elementor-widget-wrap elementor-element-populated\">\n\t\t\t\t\t\t<div class=\"elementor-element elementor-element-9fba147 elementor-widget elementor-widget-text-editor\" data-id=\"9fba147\" data-element_type=\"widget\" data-e-type=\"widget\" data-widget_type=\"text-editor.default\">\n\t\t\t\t<div class=\"elementor-widget-container\">\n\t\t\t\t\t\t\t\t\t<p><strong>La Montagne Coup\u00e9e<\/strong><br \/>\nAuberge Champ\u00eatre<br \/>\nT\u00e9l: 450 886.3891<br \/>\nSans frais: 1 800 363.8614<br \/>\n<a href=\"mailto:info@montagnecoupee.com\">info@montagnecoupee.com<\/a><br \/>\n<a href=\"http:\/\/montagnecoupee.com\" target=\"_blank\" rel=\"noopener\">montagnecoupee.com<\/a><\/p>\n\t\t\t\t\t\t\t\t<\/div>\n\t\t\t\t<\/div>\n\t\t\t\t\t<\/div>\n\t\t<\/div>\n\t\t\t\t<div class=\"elementor-column elementor-col-33 elementor-inner-column elementor-element elementor-element-9972b90\" data-id=\"9972b90\" data-element_type=\"column\" data-e-type=\"column\">\n\t\t\t<div class=\"elementor-widget-wrap elementor-element-populated\">\n\t\t\t\t\t\t<div class=\"elementor-element elementor-element-46b1c54 elementor-widget elementor-widget-text-editor\" data-id=\"46b1c54\" data-element_type=\"widget\" data-e-type=\"widget\" data-widget_type=\"text-editor.default\">\n\t\t\t\t<div class=\"elementor-widget-container\">\n\t\t\t\t\t\t\t\t\t<p><strong>LE GRAND R<\/strong><br \/>\n251, Chemin Fusey<br \/>\nC. P. 299<br \/>\nSaint-Donat (Qu\u00e9bec)<br \/>\nCANADA J0T 2C0<br \/>\nT\u00e9l: 819 424-1333<br \/>\nSans frais: 1 855 424-1333<br \/>\n<a href=\"http:\/\/legrandr.ca\/\" target=\"_blank\" rel=\"noopener\">legrandr.ca<\/a><\/p>\n\t\t\t\t\t\t\t\t<\/div>\n\t\t\t\t<\/div>\n\t\t\t\t\t<\/div>\n\t\t<\/div>\n\t\t\t\t<div class=\"elementor-column elementor-col-33 elementor-inner-column elementor-element elementor-element-b52d0c9\" data-id=\"b52d0c9\" data-element_type=\"column\" data-e-type=\"column\">\n\t\t\t<div class=\"elementor-widget-wrap elementor-element-populated\">\n\t\t\t\t\t\t<div class=\"elementor-element elementor-element-8ac0bdc elementor-widget elementor-widget-text-editor\" data-id=\"8ac0bdc\" data-element_type=\"widget\" data-e-type=\"widget\" data-widget_type=\"text-editor.default\">\n\t\t\t\t<div class=\"elementor-widget-container\">\n\t\t\t\t\t\t\t\t\t<p><b>Au Chic Chalet des Chutes<\/b><br>1326, 8e rang<br>Sainte-M\u00e9lanie (Qu\u00e9bec)<br>CANADA J0K 3A0<br>T\u00e9l: 450 883-8320<\/p>\r\n<p><a style=\"background-color: #ffffff;\" href=\"https:\/\/www.chicchaletdeschutes.com\/index.php\">https:\/\/www.chicchaletdeschutes.com\/index.php<\/a><\/p>\t\t\t\t\t\t\t\t<\/div>\n\t\t\t\t<\/div>\n\t\t\t\t\t<\/div>\n\t\t<\/div>\n\t\t\t\t\t<\/div>\n\t\t<\/section>\n\t\t\t\t\t<\/div>\n\t\t<\/div>\n\t\t\t\t\t<\/div>\n\t\t<\/section>\n\t\t\t\t<section class=\"elementor-section elementor-top-section elementor-element elementor-element-651f9b3 elementor-section-boxed elementor-section-height-default elementor-section-height-default\" data-id=\"651f9b3\" data-element_type=\"section\" data-e-type=\"section\">\n\t\t\t\t\t\t<div class=\"elementor-container elementor-column-gap-default\">\n\t\t\t\t\t<div class=\"elementor-column elementor-col-100 elementor-top-column elementor-element elementor-element-7d954be\" data-id=\"7d954be\" data-element_type=\"column\" data-e-type=\"column\">\n\t\t\t<div class=\"elementor-widget-wrap elementor-element-populated\">\n\t\t\t\t\t\t<div class=\"elementor-element elementor-element-b659d3d elementor-widget elementor-widget-html\" data-id=\"b659d3d\" data-element_type=\"widget\" data-e-type=\"widget\" data-widget_type=\"html.default\">\n\t\t\t\t<div class=\"elementor-widget-container\">\n\t\t\t\t\t<iframe src=\"https:\/\/www.stay22.com\/embed\/gm?aid=5F96E8715A66C600179B71AE&address=179 5e rang, St-Liguori, Qc J0K 2X0&maincolor=3a333e\" width=\"100%\" height=\"800\" frameborder=\"0\"><\/iframe>\t\t\t\t<\/div>\n\t\t\t\t<\/div>\n\t\t\t\t\t<\/div>\n\t\t<\/div>\n\t\t\t\t\t<\/div>\n\t\t<\/section>\n\t\t\t\t<\/div>\n\t\t","protected":false},"excerpt":{"rendered":"<p>CHALETS LANAUDI\u00c8RE8082 chemin MorganRawdon (Qu\u00e9bec)CANADA J0K 1S0T\u00e9l: 450 834-6383Sans frais: 1 877 834-6383Info@chaletslanaudiere.caChaletslanaudiere.ca DOMAINE APPALOOSA 3015 chemin de la For\u00eat Notre-Dame-de-la-Merci (Qu\u00e9bec) CANADA J0T 2A0 T\u00e9l: 450 543-4591 Domaineappaloosa@yahoo.com Domaineappaloosa.com H\u00d4TEL CH\u00c2TEAU JOLIETTE450 rue Saint-ThomasJoliette (Qu\u00e9bec)CANADA J6E 3R1T\u00e9l: 450 752-2525Sans frais: 1 800 361-0572Reception@chateaujoliette.comChateaujoliette.com RAWDON GOLF RESORT3999 Lakeshore Dr.Rawdon (Qu\u00e9bec)CANADA J0K 1S0Sans frais: 1 800 &#8230; <a title=\"Accomodation\" class=\"read-more\" href=\"https:\/\/aventuresliguoriennes.com\/en\/accomodation\/\">Read more<span class=\"screen-reader-text\">Accomodation<\/span><\/a><\/p>\n","protected":false},"author":1,"featured_media":662,"parent":0,"menu_order":20,"comment_status":"closed","ping_status":"closed","template":"elementor_header_footer","meta":{"inline_featured_image":false,"footnotes":""},"class_list":["post-2193","page","type-page","status-publish","has-post-thumbnail"],"yoast_head":"<title>Accomodation - Les Aventures liguoriennes - Traineaux \u00e0 chiens - Lanaudi\u00e8re<\/title>\n<meta name=\"robots\" content=\"index, follow, max-snippet:-1, max-image-preview:large, max-video-preview:-1\" \/>\n<link rel=\"canonical\" href=\"https:\/\/aventuresliguoriennes.com\/hebergement\/\" \/>\n<meta property=\"og:locale\" content=\"en_US\" \/>\n<meta property=\"og:type\" content=\"article\" \/>\n<meta property=\"og:title\" content=\"Accomodation - Les Aventures liguoriennes - Traineaux \u00e0 chiens - Lanaudi\u00e8re\" \/>\n<meta property=\"og:description\" content=\"CHALETS LANAUDI\u00c8RE8082 chemin MorganRawdon (Qu\u00e9bec)CANADA J0K 1S0T\u00e9l: 450 834-6383Sans frais: 1 877 834-6383Info@chaletslanaudiere.caChaletslanaudiere.ca DOMAINE APPALOOSA 3015 chemin de la For\u00eat Notre-Dame-de-la-Merci (Qu\u00e9bec) CANADA J0T 2A0 T\u00e9l: 450 543-4591 Domaineappaloosa@yahoo.com Domaineappaloosa.com H\u00d4TEL CH\u00c2TEAU JOLIETTE450 rue Saint-ThomasJoliette (Qu\u00e9bec)CANADA J6E 3R1T\u00e9l: 450 752-2525Sans frais: 1 800 361-0572Reception@chateaujoliette.comChateaujoliette.com RAWDON GOLF RESORT3999 Lakeshore Dr.Rawdon (Qu\u00e9bec)CANADA J0K 1S0Sans frais: 1 800 ... Read moreAccomodation\" \/>\n<meta property=\"og:url\" content=\"https:\/\/aventuresliguoriennes.com\/hebergement\/\" \/>\n<meta property=\"og:site_name\" content=\"Les Aventures liguoriennes - Traineaux \u00e0 chiens - Lanaudi\u00e8re\" \/>\n<meta property=\"article:modified_time\" content=\"2024-09-13T15:34:44+00:00\" \/>\n<meta property=\"og:image\" content=\"https:\/\/aventuresliguoriennes.com\/wp-content\/uploads\/2019\/11\/gabriel-alenius-USXfF_ONUGo-unsplash.jpg\" \/>\n\t<meta property=\"og:image:width\" content=\"2000\" \/>\n\t<meta property=\"og:image:height\" content=\"800\" \/>\n\t<meta property=\"og:image:type\" content=\"image\/jpeg\" \/>\n<meta name=\"twitter:card\" content=\"summary_large_image\" \/>\n<meta name=\"twitter:label1\" content=\"Est. reading time\" \/>\n\t<meta name=\"twitter:data1\" content=\"1 minute\" \/>\n<script type=\"application\/ld+json\" class=\"yoast-schema-graph\">{\"@context\":\"https:\\\/\\\/schema.org\",\"@graph\":[{\"@type\":\"WebPage\",\"@id\":\"https:\\\/\\\/aventuresliguoriennes.com\\\/hebergement\\\/\",\"url\":\"https:\\\/\\\/aventuresliguoriennes.com\\\/hebergement\\\/\",\"name\":\"Accomodation - Les Aventures liguoriennes - Traineaux \u00e0 chiens - Lanaudi\u00e8re\",\"isPartOf\":{\"@id\":\"https:\\\/\\\/aventuresliguoriennes.com\\\/en\\\/#website\"},\"primaryImageOfPage\":{\"@id\":\"https:\\\/\\\/aventuresliguoriennes.com\\\/hebergement\\\/#primaryimage\"},\"image\":{\"@id\":\"https:\\\/\\\/aventuresliguoriennes.com\\\/hebergement\\\/#primaryimage\"},\"thumbnailUrl\":\"https:\\\/\\\/aventuresliguoriennes.com\\\/wp-content\\\/uploads\\\/2019\\\/11\\\/gabriel-alenius-USXfF_ONUGo-unsplash.jpg\",\"datePublished\":\"2020-12-07T14:01:23+00:00\",\"dateModified\":\"2024-09-13T15:34:44+00:00\",\"breadcrumb\":{\"@id\":\"https:\\\/\\\/aventuresliguoriennes.com\\\/hebergement\\\/#breadcrumb\"},\"inLanguage\":\"en-US\",\"potentialAction\":[{\"@type\":\"ReadAction\",\"target\":[\"https:\\\/\\\/aventuresliguoriennes.com\\\/hebergement\\\/\"]}]},{\"@type\":\"ImageObject\",\"inLanguage\":\"en-US\",\"@id\":\"https:\\\/\\\/aventuresliguoriennes.com\\\/hebergement\\\/#primaryimage\",\"url\":\"https:\\\/\\\/aventuresliguoriennes.com\\\/wp-content\\\/uploads\\\/2019\\\/11\\\/gabriel-alenius-USXfF_ONUGo-unsplash.jpg\",\"contentUrl\":\"https:\\\/\\\/aventuresliguoriennes.com\\\/wp-content\\\/uploads\\\/2019\\\/11\\\/gabriel-alenius-USXfF_ONUGo-unsplash.jpg\",\"width\":2000,\"height\":800},{\"@type\":\"BreadcrumbList\",\"@id\":\"https:\\\/\\\/aventuresliguoriennes.com\\\/hebergement\\\/#breadcrumb\",\"itemListElement\":[{\"@type\":\"ListItem\",\"position\":1,\"name\":\"Accueil\",\"item\":\"https:\\\/\\\/aventuresliguoriennes.com\\\/\"},{\"@type\":\"ListItem\",\"position\":2,\"name\":\"Accomodation\"}]},{\"@type\":\"WebSite\",\"@id\":\"https:\\\/\\\/aventuresliguoriennes.com\\\/en\\\/#website\",\"url\":\"https:\\\/\\\/aventuresliguoriennes.com\\\/en\\\/\",\"name\":\"Les Aventures liguoriennes - Traineaux \u00e0 chiens - Lanaudi\u00e8re\",\"description\":\"Tra\u00eeneaux \u00e0 chiens dans Lanaudi\u00e8re\",\"publisher\":{\"@id\":\"https:\\\/\\\/aventuresliguoriennes.com\\\/en\\\/#organization\"},\"potentialAction\":[{\"@type\":\"SearchAction\",\"target\":{\"@type\":\"EntryPoint\",\"urlTemplate\":\"https:\\\/\\\/aventuresliguoriennes.com\\\/en\\\/?s={search_term_string}\"},\"query-input\":{\"@type\":\"PropertyValueSpecification\",\"valueRequired\":true,\"valueName\":\"search_term_string\"}}],\"inLanguage\":\"en-US\"},{\"@type\":\"Organization\",\"@id\":\"https:\\\/\\\/aventuresliguoriennes.com\\\/en\\\/#organization\",\"name\":\"Les Aventures Liguoriennes\",\"url\":\"https:\\\/\\\/aventuresliguoriennes.com\\\/en\\\/\",\"logo\":{\"@type\":\"ImageObject\",\"inLanguage\":\"en-US\",\"@id\":\"https:\\\/\\\/aventuresliguoriennes.com\\\/en\\\/#\\\/schema\\\/logo\\\/image\\\/\",\"url\":\"https:\\\/\\\/aventuresliguoriennes.com\\\/wp-content\\\/uploads\\\/2019\\\/11\\\/logo-fond-blanc.png\",\"contentUrl\":\"https:\\\/\\\/aventuresliguoriennes.com\\\/wp-content\\\/uploads\\\/2019\\\/11\\\/logo-fond-blanc.png\",\"width\":550,\"height\":300,\"caption\":\"Les Aventures Liguoriennes\"},\"image\":{\"@id\":\"https:\\\/\\\/aventuresliguoriennes.com\\\/en\\\/#\\\/schema\\\/logo\\\/image\\\/\"}}]}<\/script>","yoast_head_json":{"title":"Accomodation - Les Aventures liguoriennes - Traineaux \u00e0 chiens - Lanaudi\u00e8re","robots":{"index":"index","follow":"follow","max-snippet":"max-snippet:-1","max-image-preview":"max-image-preview:large","max-video-preview":"max-video-preview:-1"},"canonical":"https:\/\/aventuresliguoriennes.com\/hebergement\/","og_locale":"en_US","og_type":"article","og_title":"Accomodation - Les Aventures liguoriennes - Traineaux \u00e0 chiens - Lanaudi\u00e8re","og_description":"CHALETS LANAUDI\u00c8RE8082 chemin MorganRawdon (Qu\u00e9bec)CANADA J0K 1S0T\u00e9l: 450 834-6383Sans frais: 1 877 834-6383Info@chaletslanaudiere.caChaletslanaudiere.ca DOMAINE APPALOOSA 3015 chemin de la For\u00eat Notre-Dame-de-la-Merci (Qu\u00e9bec) CANADA J0T 2A0 T\u00e9l: 450 543-4591 Domaineappaloosa@yahoo.com Domaineappaloosa.com H\u00d4TEL CH\u00c2TEAU JOLIETTE450 rue Saint-ThomasJoliette (Qu\u00e9bec)CANADA J6E 3R1T\u00e9l: 450 752-2525Sans frais: 1 800 361-0572Reception@chateaujoliette.comChateaujoliette.com RAWDON GOLF RESORT3999 Lakeshore Dr.Rawdon (Qu\u00e9bec)CANADA J0K 1S0Sans frais: 1 800 ... Read moreAccomodation","og_url":"https:\/\/aventuresliguoriennes.com\/hebergement\/","og_site_name":"Les Aventures liguoriennes - Traineaux \u00e0 chiens - Lanaudi\u00e8re","article_modified_time":"2024-09-13T15:34:44+00:00","og_image":[{"width":2000,"height":800,"url":"https:\/\/aventuresliguoriennes.com\/wp-content\/uploads\/2019\/11\/gabriel-alenius-USXfF_ONUGo-unsplash.jpg","type":"image\/jpeg"}],"twitter_card":"summary_large_image","twitter_misc":{"Est. reading time":"1 minute"},"schema":{"@context":"https:\/\/schema.org","@graph":[{"@type":"WebPage","@id":"https:\/\/aventuresliguoriennes.com\/hebergement\/","url":"https:\/\/aventuresliguoriennes.com\/hebergement\/","name":"Accomodation - Les Aventures liguoriennes - Traineaux \u00e0 chiens - Lanaudi\u00e8re","isPartOf":{"@id":"https:\/\/aventuresliguoriennes.com\/en\/#website"},"primaryImageOfPage":{"@id":"https:\/\/aventuresliguoriennes.com\/hebergement\/#primaryimage"},"image":{"@id":"https:\/\/aventuresliguoriennes.com\/hebergement\/#primaryimage"},"thumbnailUrl":"https:\/\/aventuresliguoriennes.com\/wp-content\/uploads\/2019\/11\/gabriel-alenius-USXfF_ONUGo-unsplash.jpg","datePublished":"2020-12-07T14:01:23+00:00","dateModified":"2024-09-13T15:34:44+00:00","breadcrumb":{"@id":"https:\/\/aventuresliguoriennes.com\/hebergement\/#breadcrumb"},"inLanguage":"en-US","potentialAction":[{"@type":"ReadAction","target":["https:\/\/aventuresliguoriennes.com\/hebergement\/"]}]},{"@type":"ImageObject","inLanguage":"en-US","@id":"https:\/\/aventuresliguoriennes.com\/hebergement\/#primaryimage","url":"https:\/\/aventuresliguoriennes.com\/wp-content\/uploads\/2019\/11\/gabriel-alenius-USXfF_ONUGo-unsplash.jpg","contentUrl":"https:\/\/aventuresliguoriennes.com\/wp-content\/uploads\/2019\/11\/gabriel-alenius-USXfF_ONUGo-unsplash.jpg","width":2000,"height":800},{"@type":"BreadcrumbList","@id":"https:\/\/aventuresliguoriennes.com\/hebergement\/#breadcrumb","itemListElement":[{"@type":"ListItem","position":1,"name":"Accueil","item":"https:\/\/aventuresliguoriennes.com\/"},{"@type":"ListItem","position":2,"name":"Accomodation"}]},{"@type":"WebSite","@id":"https:\/\/aventuresliguoriennes.com\/en\/#website","url":"https:\/\/aventuresliguoriennes.com\/en\/","name":"Les Aventures liguoriennes - Traineaux \u00e0 chiens - Lanaudi\u00e8re","description":"Tra\u00eeneaux \u00e0 chiens dans Lanaudi\u00e8re","publisher":{"@id":"https:\/\/aventuresliguoriennes.com\/en\/#organization"},"potentialAction":[{"@type":"SearchAction","target":{"@type":"EntryPoint","urlTemplate":"https:\/\/aventuresliguoriennes.com\/en\/?s={search_term_string}"},"query-input":{"@type":"PropertyValueSpecification","valueRequired":true,"valueName":"search_term_string"}}],"inLanguage":"en-US"},{"@type":"Organization","@id":"https:\/\/aventuresliguoriennes.com\/en\/#organization","name":"Les Aventures Liguoriennes","url":"https:\/\/aventuresliguoriennes.com\/en\/","logo":{"@type":"ImageObject","inLanguage":"en-US","@id":"https:\/\/aventuresliguoriennes.com\/en\/#\/schema\/logo\/image\/","url":"https:\/\/aventuresliguoriennes.com\/wp-content\/uploads\/2019\/11\/logo-fond-blanc.png","contentUrl":"https:\/\/aventuresliguoriennes.com\/wp-content\/uploads\/2019\/11\/logo-fond-blanc.png","width":550,"height":300,"caption":"Les Aventures Liguoriennes"},"image":{"@id":"https:\/\/aventuresliguoriennes.com\/en\/#\/schema\/logo\/image\/"}}]}},"_links":{"self":[{"href":"https:\/\/aventuresliguoriennes.com\/en\/wp-json\/wp\/v2\/pages\/2193","targetHints":{"allow":["GET"]}}],"collection":[{"href":"https:\/\/aventuresliguoriennes.com\/en\/wp-json\/wp\/v2\/pages"}],"about":[{"href":"https:\/\/aventuresliguoriennes.com\/en\/wp-json\/wp\/v2\/types\/page"}],"author":[{"embeddable":true,"href":"https:\/\/aventuresliguoriennes.com\/en\/wp-json\/wp\/v2\/users\/1"}],"replies":[{"embeddable":true,"href":"https:\/\/aventuresliguoriennes.com\/en\/wp-json\/wp\/v2\/comments?post=2193"}],"version-history":[{"count":5,"href":"https:\/\/aventuresliguoriennes.com\/en\/wp-json\/wp\/v2\/pages\/2193\/revisions"}],"predecessor-version":[{"id":5860,"href":"https:\/\/aventuresliguoriennes.com\/en\/wp-json\/wp\/v2\/pages\/2193\/revisions\/5860"}],"wp:featuredmedia":[{"embeddable":true,"href":"https:\/\/aventuresliguoriennes.com\/en\/wp-json\/wp\/v2\/media\/662"}],"wp:attachment":[{"href":"https:\/\/aventuresliguoriennes.com\/en\/wp-json\/wp\/v2\/media?parent=2193"}],"curies":[{"name":"wp","href":"https:\/\/api.w.org\/{rel}","templated":true}]}}